{"id":844,"date":"2022-05-22T23:28:25","date_gmt":"2022-05-23T02:28:25","guid":{"rendered":"https:\/\/isfd6-sgo.infd.edu.ar\/sitio\/?page_id=844"},"modified":"2022-06-07T17:08:13","modified_gmt":"2022-06-07T20:08:13","slug":"pee","status":"publish","type":"page","link":"https:\/\/isfd6-sgo.infd.edu.ar\/sitio\/pee\/","title":{"rendered":""},"content":{"rendered":"\n<figure class=\"wp-block-image size-large\"><img decoding=\"async\" loading=\"lazy\" width=\"1900\" height=\"546\" src=\"https:\/\/isfd6-sgo.infd.edu.ar\/sitio\/wp-content\/uploads\/2022\/06\/Educacion-Especial-1900x546.jpg\" alt=\"\" class=\"wp-image-884\" srcset=\"https:\/\/isfd6-sgo.infd.edu.ar\/sitio\/wp-content\/uploads\/2022\/06\/Educacion-Especial-1900x546.jpg 1900w, https:\/\/isfd6-sgo.infd.edu.ar\/sitio\/wp-content\/uploads\/2022\/06\/Educacion-Especial-1000x287.jpg 1000w, https:\/\/isfd6-sgo.infd.edu.ar\/sitio\/wp-content\/uploads\/2022\/06\/Educacion-Especial-768x221.jpg 768w, https:\/\/isfd6-sgo.infd.edu.ar\/sitio\/wp-content\/uploads\/2022\/06\/Educacion-Especial-1536x442.jpg 1536w, https:\/\/isfd6-sgo.infd.edu.ar\/sitio\/wp-content\/uploads\/2022\/06\/Educacion-Especial-2048x589.jpg 2048w\" sizes=\"(max-width: 1900px) 100vw, 1900px\" \/><\/figure>\n\n\n\n<p><strong>1\u00b0 A\u00d1O<\/strong><\/p>\n\n\n\n<figure class=\"wp-block-table\"><table><tbody><tr><td>PEDAGOG\u00cdA<\/td><\/tr><tr><td>DID\u00c1CTICA GENERAL<\/td><\/tr><tr><td>ALFABETIZACI\u00d3N ACAD\u00c9MCA<\/td><\/tr><tr><td>PR\u00c1CTICA I<\/td><\/tr><tr><td>PROBLEM\u00c1TICA CONTEMPOR\u00c1NEA DE LA EDUCACI\u00d3N ESPECIAL<\/td><\/tr><tr><td>SUJETO DE LA EDUCACI\u00d3N<\/td><\/tr><tr><td>LENGUA Y SU DID\u00c1CTICA<\/td><\/tr><tr><td>MATEM\u00c1TICA Y SU DID\u00c1CTICA<\/td><\/tr><tr><td>BASES NEUROBIOL\u00d3GICAS DEL DESARROLLO<\/td><\/tr><tr><td>EDI: CATEQUESIS PARA LA DIVERSIDAD I<\/td><\/tr><tr><td>PSICOLOG\u00cdA EDUCACIONAL<\/td><\/tr><tr><td>EL ARTE EN LA EDUCACI\u00d3N ESPECIAL<\/td><\/tr><\/tbody><\/table><\/figure>\n\n\n\n<p><strong>2\u00b0 A\u00d1O<\/strong><\/p>\n\n\n\n<figure class=\"wp-block-table\"><table><tbody><tr><td>HISTORIA ARGENTINA Y LATINOAMERICANA<\/td><\/tr><tr><td>SOCIOLOG\u00cdA DE LA EDUCACI\u00d3N<\/td><\/tr><tr><td>PR\u00c1CTICA II<\/td><\/tr><tr><td>CIENCIAS NATURALES Y SU DID\u00c1CTICA<\/td><\/tr><tr><td>CIENCIAS SOCIALES Y SU DID\u00c1CTICA<\/td><\/tr><tr><td>TRASTORNOS DEL DESARROLLO EN SUJETOS CON DISCAPACIDAD INTELECTUAL<\/td><\/tr><tr><td>RECURSOS DID\u00c1CTICOS<\/td><\/tr><tr><td>ABORDAJES PEDAG\u00d3GICOS I<\/td><\/tr><tr><td>EDI: CATEQUESIS PARA LA DIVERSIDAD II<\/td><\/tr><tr><td>HISTORIA DE LA EDUCACI\u00d3N Y POL\u00cdTICA EDUCACIONAL ARGENTINA<\/td><\/tr><tr><td>FILOSOF\u00cdA<\/td><\/tr><\/tbody><\/table><\/figure>\n\n\n\n<p><strong>3\u00b0 A\u00d1O<\/strong><\/p>\n\n\n\n<figure class=\"wp-block-table\"><table><tbody><tr><td>FORMACI\u00d3N \u00c9TICA Y CIUDADANA<\/td><\/tr><tr><td>PR\u00c1CTICA III<\/td><\/tr><tr><td>ABORDAJES PEDAG\u00d3GICOS II<\/td><\/tr><tr><td>EDUCACI\u00d3N PSICOMOTRIZ, EXPRESI\u00d3N CORPORAL Y ACTIVIDAD L\u00daDICA<\/td><\/tr><tr><td>ALTERACIONES DEL LENGUAJE Y LA COMUNICACI\u00d3N<\/td><\/tr><tr><td>TECNOLOG\u00cdA APLICADA A LA EDUCACI\u00d3N ESPECIAL<\/td><\/tr><tr><td>MULTIDISCAPACIDAD<\/td><\/tr><tr><td>EDI: MUSICOTERAPIA<\/td><\/tr><tr><td>EDI: CATEQUESIS PARA LA DIVERSIDAD III<\/td><\/tr><tr><td>TECNOLOG\u00cdA DE LA INFORMACI\u00d3N Y LA COMUNICACI\u00d3N<\/td><\/tr><tr><td>TRASTORNOS MOTORES<\/td><\/tr><\/tbody><\/table><\/figure>\n\n\n\n<p><strong>4\u00b0 A\u00d1O<\/strong><\/p>\n\n\n\n<figure class=\"wp-block-table\"><table><tbody><tr><td>EDUCACI\u00d3N SEXUAL Y DISCAPACIDAD<\/td><\/tr><tr><td>RESIDENCIA Y SISTEMATIZACI\u00d3N DE EXPERIENCIAS<\/td><\/tr><tr><td>PROBLEM\u00c1TICA DE LA EVALUACI\u00d3N EN LA EDUCACI\u00d3N ESPECIAL<\/td><\/tr><tr><td>INTEGRACI\u00d3N ESCOLAR<\/td><\/tr><tr><td>EDUCACI\u00d3N DEL ADULTO Y FORMACI\u00d3N LABORAL EN SUJETOS CON DISCAPACIDAD INTELECTUAL<\/td><\/tr><tr><td>ATENCI\u00d3N TEMPRANA<\/td><\/tr><tr><td>EDI: LEGISLACI\u00d3N Y ORGANIZACI\u00d3N ESCOLAR<\/td><\/tr><tr><td>EDI: CATEQUESIS PARA LA DIVERSIDAD III<\/td><\/tr><tr><td>TRABAJO INTERDISCIPLINARIO EN EDUCACI\u00d3N ESPECIAL<\/td><\/tr><\/tbody><\/table><\/figure>\n","protected":false},"excerpt":{"rendered":"<p>1\u00b0 A\u00d1O PEDAGOG\u00cdA DID\u00c1CTICA GENERAL ALFABETIZACI\u00d3N ACAD\u00c9MCA PR\u00c1CTICA I PROBLEM\u00c1TICA CONTEMPOR\u00c1NEA DE LA EDUCACI\u00d3N ESPECIAL SUJETO DE LA EDUCACI\u00d3N LENGUA Y SU DID\u00c1CTICA MATEM\u00c1TICA Y SU DID\u00c1CTICA BASES NEUROBIOL\u00d3GICAS DEL DESARROLLO EDI: CATEQUESIS PARA LA DIVERSIDAD I PSICOLOG\u00cdA EDUCACIONAL EL ARTE EN LA EDUCACI\u00d3N ESPECIAL 2\u00b0 A\u00d1O HISTORIA ARGENTINA Y LATINOAMERICANA SOCIOLOG\u00cdA DE LA EDUCACI\u00d3N &#8230; <a title=\"\" class=\"read-more\" href=\"https:\/\/isfd6-sgo.infd.edu.ar\/sitio\/pee\/\" aria-label=\"More on \">[+]<\/a><\/p>\n","protected":false},"author":19,"featured_media":0,"parent":0,"menu_order":0,"comment_status":"closed","ping_status":"closed","template":"","meta":[],"acf":[],"_links":{"self":[{"href":"https:\/\/isfd6-sgo.infd.edu.ar\/sitio\/wp-json\/wp\/v2\/pages\/844"}],"collection":[{"href":"https:\/\/isfd6-sgo.infd.edu.ar\/sitio\/wp-json\/wp\/v2\/pages"}],"about":[{"href":"https:\/\/isfd6-sgo.infd.edu.ar\/sitio\/wp-json\/wp\/v2\/types\/page"}],"author":[{"embeddable":true,"href":"https:\/\/isfd6-sgo.infd.edu.ar\/sitio\/wp-json\/wp\/v2\/users\/19"}],"replies":[{"embeddable":true,"href":"https:\/\/isfd6-sgo.infd.edu.ar\/sitio\/wp-json\/wp\/v2\/comments?post=844"}],"version-history":[{"count":4,"href":"https:\/\/isfd6-sgo.infd.edu.ar\/sitio\/wp-json\/wp\/v2\/pages\/844\/revisions"}],"predecessor-version":[{"id":885,"href":"https:\/\/isfd6-sgo.infd.edu.ar\/sitio\/wp-json\/wp\/v2\/pages\/844\/revisions\/885"}],"wp:attachment":[{"href":"https:\/\/isfd6-sgo.infd.edu.ar\/sitio\/wp-json\/wp\/v2\/media?parent=844"}],"curies":[{"name":"wp","href":"https:\/\/api.w.org\/{rel}","templated":true}]}}