{"id":826,"date":"2022-05-22T22:59:02","date_gmt":"2022-05-23T01:59:02","guid":{"rendered":"https:\/\/isfd6-sgo.infd.edu.ar\/sitio\/?page_id=826"},"modified":"2022-10-31T00:21:14","modified_gmt":"2022-10-31T03:21:14","slug":"pei","status":"publish","type":"page","link":"https:\/\/isfd6-sgo.infd.edu.ar\/sitio\/pei\/","title":{"rendered":""},"content":{"rendered":"\n<figure class=\"wp-block-gallery columns-1 is-cropped wp-block-gallery-1 is-layout-flex\"><ul class=\"blocks-gallery-grid\"><li class=\"blocks-gallery-item\"><figure><img decoding=\"async\" loading=\"lazy\" width=\"1900\" height=\"546\" src=\"https:\/\/isfd6-sgo.infd.edu.ar\/sitio\/wp-content\/uploads\/2022\/06\/inicial-1900x546.jpg\" alt=\"\" data-id=\"881\" data-full-url=\"https:\/\/isfd6-sgo.infd.edu.ar\/sitio\/wp-content\/uploads\/2022\/06\/inicial.jpg\" data-link=\"https:\/\/isfd6-sgo.infd.edu.ar\/sitio\/pei\/inicial\/#main\" class=\"wp-image-881\" srcset=\"https:\/\/isfd6-sgo.infd.edu.ar\/sitio\/wp-content\/uploads\/2022\/06\/inicial-1900x546.jpg 1900w, https:\/\/isfd6-sgo.infd.edu.ar\/sitio\/wp-content\/uploads\/2022\/06\/inicial-1000x287.jpg 1000w, https:\/\/isfd6-sgo.infd.edu.ar\/sitio\/wp-content\/uploads\/2022\/06\/inicial-768x221.jpg 768w, https:\/\/isfd6-sgo.infd.edu.ar\/sitio\/wp-content\/uploads\/2022\/06\/inicial-1536x442.jpg 1536w, https:\/\/isfd6-sgo.infd.edu.ar\/sitio\/wp-content\/uploads\/2022\/06\/inicial-2048x589.jpg 2048w\" sizes=\"(max-width: 1900px) 100vw, 1900px\" \/><\/figure><\/li><\/ul><\/figure>\n\n\n\n<p><strong>1\u00b0 A\u00d1O<\/strong><\/p>\n\n\n\n<figure class=\"wp-block-table\"><table><tbody><tr><td><a href=\"https:\/\/classroom.google.com\/c\/NDkwOTAwNjM3NDkz?cjc=kkywrir\">PEDAGOG\u00cdA<\/a><\/td><\/tr><tr><td><a href=\"https:\/\/classroom.google.com\/c\/NDkxNjAzNTE3OTQ3?cjc=bdekuxj\">PSICOLOG\u00cdA EDUCACIONAL<\/a><\/td><\/tr><tr><td><a href=\"https:\/\/classroom.google.com\/c\/NDkxNjAzNTM0NDM5?cjc=55xlfzl\">DID\u00c1CTICA GENERAL<\/a><\/td><\/tr><tr><td><a href=\"https:\/\/classroom.google.com\/c\/NDkxNjAzNzkyNjI2?cjc=p74m72y\">ALFABETIZACI\u00d3N ACAD\u00c9MICA<\/a><\/td><\/tr><tr><td><a href=\"https:\/\/classroom.google.com\/c\/NDkxNjA0MDkwMzgx?cjc=bjdjxs2\">PR\u00c1CTICA I<\/a><\/td><\/tr><tr><td><a href=\"https:\/\/classroom.google.com\/c\/NDkxNjA0MjQzOTg4?cjc=gvx2h7d\">SUJETO, CUERPO Y MOVIMIENTO<\/a><\/td><\/tr><tr><td><a href=\"https:\/\/classroom.google.com\/c\/NDkxNjA3MDYyNTk4?cjc=dv5ktp2\">EDUCACI\u00d3N TECNOL\u00d3GICA Y SU ENSE\u00d1ANZA<\/a><\/td><\/tr><tr><td><a href=\"https:\/\/classroom.google.com\/c\/NDkxNjA3MTIxMjYy?cjc=jtwqlnw\">TEOLOG\u00cdA I<\/a><\/td><\/tr><tr><td><a href=\"https:\/\/classroom.google.com\/c\/NDkxNjA3MjI5ODU2?cjc=thus27b\">PROBLEM\u00c1TICA CONTEMPOR\u00c1NEA DEL NIVEL INICIAL<\/a><\/td><\/tr><tr><td><a href=\"https:\/\/classroom.google.com\/c\/NDkxNjA3NDYwODkx?cjc=mjgdeiw\">SUJETO DEL NIVEL INICIAL I<\/a><\/td><\/tr><tr><td><a href=\"https:\/\/classroom.google.com\/c\/NDkxNjA3NDc3ODE4?cjc=npzyb5x\">EXPRESI\u00d3N ART\u00cdSTICA: EXPRESI\u00d3N CORPORAL Y SU ENSE\u00d1ANZA O TEATRO Y SU ENSE\u00d1ANZA<\/a><\/td><\/tr><\/tbody><\/table><\/figure>\n\n\n\n<p><strong>2\u00b0 A\u00d1O<\/strong><\/p>\n\n\n\n<figure class=\"wp-block-table\"><table><tbody><tr><td>HISTORIA ARGENTINA Y LATINOAMERICANA<\/td><\/tr><tr><td>SOCIOLOG\u00cdA DE LA EDUCACI\u00d3N<\/td><\/tr><tr><td>PR\u00c1CTICA II<\/td><\/tr><tr><td>SUJETO DEL NIVEL INICAL II<\/td><\/tr><tr><td>DID\u00c1CTICA DEL NIVEL INICIAL<\/td><\/tr><tr><td>TALLER DE JUEGO<\/td><\/tr><tr><td>LENGUA Y LITERATURA Y SU ENSE\u00d1ANZA<\/td><\/tr><tr><td>EXPRESI\u00d3N ART\u00cdSTICA: PL\u00c1STICA Y SU ENSE\u00d1ANZA<\/td><\/tr><tr><td>TEOLOG\u00cdA II<\/td><\/tr><tr><td>HISTORIA DE LA EDUCACI\u00d3N Y POL\u00cdTICA EDUCACIONAL ARGENTINA<\/td><\/tr><tr><td>FILOSOF\u00cdA DE LA EDUCACI\u00d3N<\/td><\/tr><tr><td>EXPRESI\u00d3N ART\u00cdSTICA: M\u00daSICA Y SU ENSE\u00d1ANZA<\/td><\/tr><tr><td>EDI: TALLER DE CIENCIAS<\/td><\/tr><\/tbody><\/table><\/figure>\n\n\n\n<p><strong>3\u00b0 A\u00d1O<\/strong><\/p>\n\n\n\n<figure class=\"wp-block-table\"><table><tbody><tr><td>FORMACI\u00d3N \u00c9TICA Y CIUDADANA<\/td><\/tr><tr><td>PR\u00c1CTICA III<\/td><\/tr><tr><td>ALFABETIZACI\u00d3N EN EL NIVEL INICIAL<\/td><\/tr><tr><td>CIENCIAS SOCIALES Y SU ENSE\u00d1ANZA<\/td><\/tr><tr><td>CIENCIAS NATURALES Y SU ENSE\u00d1ANZA<\/td><\/tr><tr><td>MATEM\u00c1TICA Y SU ENSE\u00d1ANZA<\/td><\/tr><tr><td>EDI: DID\u00c1CTICA DE LA CATEQUESIS I<\/td><\/tr><tr><td>TECNOLOG\u00cdA DE LA INFORMACI\u00d3N Y LA COMUNICACI\u00d3N<\/td><\/tr><tr><td>LITERATURA INFANTIL<\/td><\/tr><tr><td>EDI: ATENCI\u00d3N TEMPRANA<\/td><\/tr><\/tbody><\/table><\/figure>\n\n\n\n<p><strong>4\u00b0 A\u00d1O<\/strong><\/p>\n\n\n\n<figure class=\"wp-block-table\"><table><tbody><tr><td>INCLUSI\u00d3N E INTEGRACI\u00d3N ESCOLAR<\/td><\/tr><tr><td>RESIDENCIA Y SISTEMATIZACI\u00d3N DE EXPERIENCIAS<\/td><\/tr><tr><td>\u00c9TICA Y DEONTOLOG\u00cdA PROFESIONAL<\/td><\/tr><tr><td>EDUCACI\u00d3N MATERNAL<\/td><\/tr><tr><td>EDI: DID\u00c1CTICA DE LA CATEQUESIS II<\/td><\/tr><tr><td>EDI: ORALIDAD Y ESCRITURA<\/td><\/tr><tr><td>EDUCACI\u00d3N SEXUAL INTEGRAL<\/td><\/tr><tr><td>CONDICIONES DEL TRABAJO DOCENTE Y LEGISLACI\u00d3N ESCOLAR<\/td><\/tr><tr><td>TALLER DE INTEGRACI\u00d3N DE LENGUAJES ART\u00cdSTICOS<\/td><\/tr><\/tbody><\/table><\/figure>\n\n\n\n<p><\/p>\n","protected":false},"excerpt":{"rendered":"<p>1\u00b0 A\u00d1O PEDAGOG\u00cdA PSICOLOG\u00cdA EDUCACIONAL DID\u00c1CTICA GENERAL ALFABETIZACI\u00d3N ACAD\u00c9MICA PR\u00c1CTICA I SUJETO, CUERPO Y MOVIMIENTO EDUCACI\u00d3N TECNOL\u00d3GICA Y SU ENSE\u00d1ANZA TEOLOG\u00cdA I PROBLEM\u00c1TICA CONTEMPOR\u00c1NEA DEL NIVEL INICIAL SUJETO DEL NIVEL INICIAL I EXPRESI\u00d3N ART\u00cdSTICA: EXPRESI\u00d3N CORPORAL Y SU ENSE\u00d1ANZA O TEATRO Y SU ENSE\u00d1ANZA 3\u00b0 A\u00d1O FORMACI\u00d3N \u00c9TICA Y CIUDADANA PR\u00c1CTICA III ALFABETIZACI\u00d3N EN EL &#8230; <a title=\"\" class=\"read-more\" href=\"https:\/\/isfd6-sgo.infd.edu.ar\/sitio\/pei\/\" aria-label=\"More on \">[+]<\/a><\/p>\n","protected":false},"author":19,"featured_media":0,"parent":0,"menu_order":0,"comment_status":"closed","ping_status":"closed","template":"","meta":[],"acf":[],"_links":{"self":[{"href":"https:\/\/isfd6-sgo.infd.edu.ar\/sitio\/wp-json\/wp\/v2\/pages\/826"}],"collection":[{"href":"https:\/\/isfd6-sgo.infd.edu.ar\/sitio\/wp-json\/wp\/v2\/pages"}],"about":[{"href":"https:\/\/isfd6-sgo.infd.edu.ar\/sitio\/wp-json\/wp\/v2\/types\/page"}],"author":[{"embeddable":true,"href":"https:\/\/isfd6-sgo.infd.edu.ar\/sitio\/wp-json\/wp\/v2\/users\/19"}],"replies":[{"embeddable":true,"href":"https:\/\/isfd6-sgo.infd.edu.ar\/sitio\/wp-json\/wp\/v2\/comments?post=826"}],"version-history":[{"count":38,"href":"https:\/\/isfd6-sgo.infd.edu.ar\/sitio\/wp-json\/wp\/v2\/pages\/826\/revisions"}],"predecessor-version":[{"id":921,"href":"https:\/\/isfd6-sgo.infd.edu.ar\/sitio\/wp-json\/wp\/v2\/pages\/826\/revisions\/921"}],"wp:attachment":[{"href":"https:\/\/isfd6-sgo.infd.edu.ar\/sitio\/wp-json\/wp\/v2\/media?parent=826"}],"curies":[{"name":"wp","href":"https:\/\/api.w.org\/{rel}","templated":true}]}}